{"id":5,"date":"2018-06-20T17:42:00","date_gmt":"2018-06-20T15:42:00","guid":{"rendered":"http:\/\/poretsch.ch\/wp\/?page_id=5"},"modified":"2026-04-22T19:39:40","modified_gmt":"2026-04-22T17:39:40","slug":"accueil","status":"publish","type":"page","link":"https:\/\/poretsch.ch\/wp\/","title":{"rendered":"Bienvenue sur le site du Glarey Poretsch Club"},"content":{"rendered":"<p>Le Glarey Poretsch Club est une association fond\u00e9e en 1974 sans but lucratif dont le but est de r\u00e9unir les Glareyards, promouvoir le respect du site, inspirer le sens de la solidarit\u00e9 et l&rsquo;esprit de camaraderie et mieux faire appr\u00e9cier les traditions du quartier, de la ville du canton et du pays&#8230;<\/p>\n\n\n<figure class=\"wp-block-image size-full\"><img loading=\"lazy\" decoding=\"async\" width=\"1810\" height=\"2560\" src=\"https:\/\/poretsch.ch\/wp\/wp-content\/uploads\/2026\/04\/2026_AfficheWEB-scaled.jpg\" alt=\"\" class=\"wp-image-413\" srcset=\"https:\/\/poretsch.ch\/wp\/wp-content\/uploads\/2026\/04\/2026_AfficheWEB-scaled.jpg 1810w, https:\/\/poretsch.ch\/wp\/wp-content\/uploads\/2026\/04\/2026_AfficheWEB-212x300.jpg 212w, https:\/\/poretsch.ch\/wp\/wp-content\/uploads\/2026\/04\/2026_AfficheWEB-724x1024.jpg 724w, https:\/\/poretsch.ch\/wp\/wp-content\/uploads\/2026\/04\/2026_AfficheWEB-768x1086.jpg 768w, https:\/\/poretsch.ch\/wp\/wp-content\/uploads\/2026\/04\/2026_AfficheWEB-1086x1536.jpg 1086w, https:\/\/poretsch.ch\/wp\/wp-content\/uploads\/2026\/04\/2026_AfficheWEB-1448x2048.jpg 1448w\" sizes=\"auto, (max-width: 767px) 89vw, (max-width: 1000px) 54vw, (max-width: 1071px) 543px, 580px\" \/><\/figure>\n","protected":false},"excerpt":{"rendered":"<p>Le Glarey Poretsch Club est une association fond\u00e9e en 1974 sans but lucratif dont le but est de r\u00e9unir les Glareyards, promouvoir le respect du site, inspirer le sens de la solidarit\u00e9 et l&rsquo;esprit de camaraderie et mieux faire appr\u00e9cier les traditions du quartier, de la ville du canton et du pays&#8230;<\/p>\n","protected":false},"author":1,"featured_media":0,"parent":0,"menu_order":0,"comment_status":"closed","ping_status":"closed","template":"","meta":{"footnotes":""},"class_list":["post-5","page","type-page","status-publish","hentry"],"_links":{"self":[{"href":"https:\/\/poretsch.ch\/wp\/wp-json\/wp\/v2\/pages\/5","targetHints":{"allow":["GET"]}}],"collection":[{"href":"https:\/\/poretsch.ch\/wp\/wp-json\/wp\/v2\/pages"}],"about":[{"href":"https:\/\/poretsch.ch\/wp\/wp-json\/wp\/v2\/types\/page"}],"author":[{"embeddable":true,"href":"https:\/\/poretsch.ch\/wp\/wp-json\/wp\/v2\/users\/1"}],"replies":[{"embeddable":true,"href":"https:\/\/poretsch.ch\/wp\/wp-json\/wp\/v2\/comments?post=5"}],"version-history":[{"count":11,"href":"https:\/\/poretsch.ch\/wp\/wp-json\/wp\/v2\/pages\/5\/revisions"}],"predecessor-version":[{"id":414,"href":"https:\/\/poretsch.ch\/wp\/wp-json\/wp\/v2\/pages\/5\/revisions\/414"}],"wp:attachment":[{"href":"https:\/\/poretsch.ch\/wp\/wp-json\/wp\/v2\/media?parent=5"}],"curies":[{"name":"wp","href":"https:\/\/api.w.org\/{rel}","templated":true}]}}